{"id":968,"date":"2025-06-30T14:46:53","date_gmt":"2025-06-30T12:46:53","guid":{"rendered":"https:\/\/restaurantauxpres.com\/?page_id=968"},"modified":"2026-05-05T17:16:50","modified_gmt":"2026-05-05T15:16:50","slug":"menu","status":"publish","type":"page","link":"https:\/\/restaurantauxpres.com\/en\/menu\/","title":{"rendered":"Menu"},"content":{"rendered":"","protected":false},"excerpt":{"rendered":"","protected":false},"author":1,"featured_media":0,"parent":0,"menu_order":0,"comment_status":"closed","ping_status":"closed","template":"page-templates\/menu.php","meta":{"_acf_changed":false,"inline_featured_image":false,"footnotes":""},"class_list":["post-968","page","type-page","status-publish","hentry"],"acf":{"category":[{"menu_title":"Starters ","menu_plates":[{"menu_name":"Miso caramelised aubergine, sesame seeds, lime ","menu_ingredients":"","menu_price":"19"},{"menu_name":"White asparagus salad, soft-boiled egg, mimolette cheese","menu_ingredients":"","menu_price":"21"},{"menu_name":"Crunchy crab galette, Madras curry, avocado","menu_ingredients":"","menu_price":"30"},{"menu_name":"Crispy rice, citrus salmon, chipotle","menu_ingredients":"","menu_price":"25"},{"menu_name":"Crispy spicy prawns, romaine lettuce, sesame, coriander","menu_ingredients":"","menu_price":"25"},{"menu_name":"Marinated langoustines with lemon, burrata","menu_ingredients":"","menu_price":"27"},{"menu_name":"Red tuna tartare, ponzu, avocado, sesame","menu_ingredients":"","menu_price":"22"},{"menu_name":"Truffled croque-monsieur, Comt\u00e9 cheese, salad","menu_ingredients":"","menu_price":"25"}]},{"menu_title":"Mains","menu_plates":[{"menu_name":"Lobster roll, prawn and lobster, avocado, cocktail sauce","menu_ingredients":"","menu_price":"39"},{"menu_name":"Langoustine ravioli, basil bisque, leek fondue","menu_ingredients":"","menu_price":"42"},{"menu_name":"Miso caramelised black cod, baby spinach, onion sesame vinaigrette ","menu_ingredients":"","menu_price":"45"},{"menu_name":"Grilled knife-cut veal sausage, potato pur\u00e9e","menu_ingredients":"","menu_price":"30"},{"menu_name":"The cheeseburger of Aux Pr\u00e9s","menu_ingredients":"","menu_price":"30"},{"menu_name":"Slow-cooked Black Pearl beef chuck with black garlic","menu_ingredients":"","menu_price":"35"},{"menu_name":"Grilled flank steak marinated with spices 200g","menu_ingredients":"","menu_price":"30"},{"menu_name":"Chicken escalope \u2018\u00e0 la cr\u00e8me\u2019, mushrooms","menu_ingredients":"","menu_price":"38"},{"menu_name":"Satay beef fillet","menu_ingredients":"","menu_price":"44"},{"menu_name":"Pepper steak","menu_ingredients":"","menu_price":"48"},{"menu_name":"Grilled beef fillet tournedos, b\u00e9arnaise","menu_ingredients":"","menu_price":"50"}]},{"menu_title":"To share","menu_plates":[{"menu_name":"Dry-aged \u201cHolstein\u201d French Ribeye, 500g","menu_ingredients":"","menu_price":"65\/p."},{"menu_name":"La Pie Rouge prime rib, 1kg","menu_ingredients":"","menu_price":"65\/p."},{"menu_name":"Normande prime rib, 1kg","menu_ingredients":"","menu_price":"95\/p."},{"menu_name":"Black Pearl prime rib, 1kg","menu_ingredients":"","menu_price":"95\/p."}]},{"menu_title":"Side dishes &amp; sauces","menu_plates":[{"menu_name":"Mashed potatoes - Sweet potato fries with smoked paprika - Crispy potato mille-feuille - Green beans - Oakleaf lettuce - French fries","menu_ingredients":"","menu_price":""},{"menu_name":"Bearnaise - Chimichurri","menu_ingredients":"","menu_price":""},{"menu_name":"Extra side dish","menu_ingredients":"","menu_price":"10"},{"menu_name":"Extra sauce","menu_ingredients":"","menu_price":"6"}]},{"menu_title":"Desserts","menu_plates":[{"menu_name":"Vanilla \u201ccr\u00e8me br\u00fbl\u00e9e\u201d\t","menu_ingredients":"","menu_price":"15"},{"menu_name":"Apple tart, vanilla ice cream","menu_ingredients":"","menu_price":"16"},{"menu_name":"Caramelised French toast, raspeberries, pistachio ice cream\t","menu_ingredients":"","menu_price":"18"},{"menu_name":"Profiteroles, vanilla ice cream, Chantilly, chocolate sauce","menu_ingredients":"","menu_price":"17"},{"menu_name":"Chocolate biscuit, vanilla ice cream, hazelnut praline","menu_ingredients":"","menu_price":"16"},{"menu_name":"Vanilla mille-feuille, pecan nut praline","menu_ingredients":"","menu_price":"16"},{"menu_name":"Strawberry Eton mess, sorbet, meringue","menu_ingredients":"","menu_price":"17"}]}],"allways_closed":true,"allways_closed2":true,"wines":[{"menu_title":"Wine List","menu_link":"https:\/\/restaurantauxpres.com\/wp-content\/uploads\/sites\/7\/2026\/01\/2026-01-21-Menu-Vin-Aux-Pres.xlsx.pdf","plats":[{"menu_name":"BOURGOGNE","menu_ingredients":"","menu_price":""},{"menu_name":"Bourgogne, Odyss\u00e9e, J&amp;M Compeyrot, 2023","menu_ingredients":"","menu_price":"48"},{"menu_name":"Saint-V\u00e9ran, Entre Ciel et Terre, Clos Sauvage, 2022","menu_ingredients":"","menu_price":"90"},{"menu_name":"Macon-Verz\u00e9, domaine Leflaive, 2022","menu_ingredients":"","menu_price":"120"},{"menu_name":"Beaune, Montagne St-D\u00e9sir\u00e9, Violot-Guillemard, 2022","menu_ingredients":"","menu_price":"140"},{"menu_name":"Chassagne-Montrachet 1er cru, Fontaine-Gagnard, 2020","menu_ingredients":"","menu_price":"250"},{"menu_name":"Morey Saint-Denis 1er Cru, Monts Luisants, Dujac, 2014","menu_ingredients":"","menu_price":"280"},{"menu_name":"Puligny-Montrachet 1er cru, Etienne Sauzet, 2018","menu_ingredients":"","menu_price":"290"},{"menu_name":"Chablis 1er Cru, S\u00e9chet, Vincent Dauvissat, 2016","menu_ingredients":"","menu_price":"300"},{"menu_name":"Montrachet, Jacques Prieur, 2017","menu_ingredients":"","menu_price":"990"},{"menu_name":"__","menu_ingredients":"","menu_price":""},{"menu_name":"VALL\u00c9E DU RH\u00d4NE","menu_ingredients":"","menu_price":""},{"menu_name":"C\u00f4tes-du-Rh\u00f4ne, Grandes Serres, 2023","menu_ingredients":"","menu_price":"45"},{"menu_name":"Saint-P\u00e9ray, Les Figuiers, Bernard Gripa, 2023","menu_ingredients":"","menu_price":"78"},{"menu_name":"Ch\u00e2teauneuf-du-Pape, domaine La Roqu\u00e8te, 2022","menu_ingredients":"","menu_price":"98"},{"menu_name":"Saint-Joseph, Bernard Gripa, 2022","menu_ingredients":"","menu_price":"110"},{"menu_name":"Condrieu, domaine Gangloff, 2019","menu_ingredients":"","menu_price":"250"},{"menu_name":"C\u00f4tes-du-Rh\u00f4ne, Ch\u00e2teau de Fonsalette, 2006","menu_ingredients":"","menu_price":"260"},{"menu_name":"Condrieu, Coteau de Vernon, Georges Vernay, 2016","menu_ingredients":"","menu_price":"380"},{"menu_name":"Ch\u00e2teauneuf-du-Pape, Ch\u00e2teau Rayas, E.Reynaud, 2005","menu_ingredients":"","menu_price":"590"},{"menu_name":"Ch\u00e2teau-Grillet, Ch\u00e2teau-Grillet, 2018","menu_ingredients":"","menu_price":"468"},{"menu_name":"__","menu_ingredients":"","menu_price":""},{"menu_name":"LOIRE","menu_ingredients":"","menu_price":""},{"menu_name":"Muscadet, Starfish, domaine Eric Chevalier, 2023","menu_ingredients":"","menu_price":"45"},{"menu_name":"Touraine, Vinifera Sauvignon, Henry Marionnet 2022","menu_ingredients":"","menu_price":"55"},{"menu_name":"Muscadet-S\u00e8vre-et-Maine, domaine Bregeon, 2018","menu_ingredients":"","menu_price":"68"},{"menu_name":"Chinon, Part des Anges, domaine de la Noblaie, 2022","menu_ingredients":"","menu_price":"70"},{"menu_name":"Jasni\u00e8res, Les Pr\u00e9mices, domaine de Bellivi\u00e8re, 2020","menu_ingredients":"","menu_price":"75"},{"menu_name":"Pouilly-Fum\u00e9, domaine des Ormousseaux, 2023","menu_ingredients":"","menu_price":"80"},{"menu_name":"Montlouis-sur-Loire, domaine Fran\u00e7ois Chidaine 2022","menu_ingredients":"","menu_price":"90"},{"menu_name":"Sancerre, Les Romains, domaine Vacheron 2018","menu_ingredients":"","menu_price":"128"},{"menu_name":"Saumur, Br\u00e9z\u00e9 Clos Rougeard, 2016","menu_ingredients":"","menu_price":"390"},{"menu_name":"","menu_ingredients":"Discover our complete wine list at the restaurant.","menu_price":""}]},{"menu_title":"Cocktails (dinner only)","menu_link":"","plats":[{"menu_name":"Prespritz","menu_ingredients":"Rosemary infused Bombay Sapphire gin, Aperol, grapefruit, elderflower, Champagne","menu_price":"18"},{"menu_name":"Lolly Pear","menu_ingredients":"Wyborowa vodka infused with verbena, pear liqueur, lemon juice","menu_price":"16"},{"menu_name":"Un Air de Provence","menu_ingredients":"Demonio Pisco, Italicus bergamot liqueur, Provence herbs, lemon juice","menu_price":"16"},{"menu_name":"Caribbean Mule","menu_ingredients":"Havana Especial rum, maracuja, homemade 5 spice syrup, Angostura bitter","menu_price":"16"},{"menu_name":"Wild Side","menu_ingredients":"Martell cognac infused with tonka bean, Frangelico, Montenegro, wakamomo","menu_price":"17"},{"menu_name":"Cardamom Smash","menu_ingredients":"Cardamom infused Bombay Sapphire gin, apricot liqueur, jasmine, Timut pepper","menu_price":"16"},{"menu_name":"Perfect Harmony","menu_ingredients":"Chivas Regal 12 year whisky with chamomile, Mont\u00e9n\u00e9gro, amaretto, orange bitters","menu_price":"18"},{"menu_name":"Frida Margarita","menu_ingredients":"Altos tequila, mezcal, jalape\u00f1o, agave, black salt","menu_price":"17"},{"menu_name":"Germanopratin","menu_ingredients":"Bombay Sapphire gin, cucumber, St-Germain, Champagne","menu_price":"18"},{"menu_name":"Basilic Instinct","menu_ingredients":"Wyborowa vodka , strawberry, basil, lemon juice, Penja pepper","menu_price":"16"},{"menu_name":"Vanilla Sky - No alcool","menu_ingredients":"Passion fruit, mango juice, almond milk and vanilla","menu_price":"12"},{"menu_name":"Green Light - No Alcool","menu_ingredients":"Fresh mint, green apple pur\u00e9e, ginger beer, elderflower Cordial, lemon","menu_price":"12"},{"menu_name":"Classics","menu_ingredients":"Pisco Sour, Negroni, Dry Martini, Old Fashioned, Moscow Mule, Cosmopolitan, Bloody Mary, Espresso Martini","menu_price":"16"},{"menu_name":"","menu_ingredients":"Excessive intake of alcohol can damage your health, please drink responsibly. ","menu_price":""}]}]},"yoast_head":"<!-- This site is optimized with the Yoast SEO plugin v27.0 - https:\/\/yoast.com\/product\/yoast-seo-wordpress\/ -->\n<title>Menu - Aux Pr\u00e9s<\/title>\n<meta name=\"robots\" content=\"index, follow, max-snippet:-1, max-image-preview:large, max-video-preview:-1\" \/>\n<link rel=\"canonical\" href=\"https:\/\/restaurantauxpres.com\/en\/menu\/\" \/>\n<meta property=\"og:locale\" content=\"en_US\" \/>\n<meta property=\"og:type\" content=\"article\" \/>\n<meta property=\"og:title\" content=\"Menu - Aux Pr\u00e9s\" \/>\n<meta property=\"og:url\" content=\"https:\/\/restaurantauxpres.com\/en\/menu\/\" \/>\n<meta property=\"og:site_name\" content=\"Aux Pr\u00e9s\" \/>\n<meta property=\"article:modified_time\" content=\"2026-05-05T15:16:50+00:00\" \/>\n<meta name=\"twitter:card\" content=\"summary_large_image\" \/>\n<script type=\"application\/ld+json\" class=\"yoast-schema-graph\">{\"@context\":\"https:\/\/schema.org\",\"@graph\":[{\"@type\":\"WebPage\",\"@id\":\"https:\/\/restaurantauxpres.com\/en\/menu\/\",\"url\":\"https:\/\/restaurantauxpres.com\/en\/menu\/\",\"name\":\"Menu - Aux Pr\u00e9s\",\"isPartOf\":{\"@id\":\"https:\/\/restaurantauxpres.com\/#website\"},\"datePublished\":\"2025-06-30T12:46:53+00:00\",\"dateModified\":\"2026-05-05T15:16:50+00:00\",\"breadcrumb\":{\"@id\":\"https:\/\/restaurantauxpres.com\/en\/menu\/#breadcrumb\"},\"inLanguage\":\"en-US\",\"potentialAction\":[{\"@type\":\"ReadAction\",\"target\":[\"https:\/\/restaurantauxpres.com\/en\/menu\/\"]}]},{\"@type\":\"BreadcrumbList\",\"@id\":\"https:\/\/restaurantauxpres.com\/en\/menu\/#breadcrumb\",\"itemListElement\":[{\"@type\":\"ListItem\",\"position\":1,\"name\":\"Accueil\",\"item\":\"https:\/\/restaurantauxpres.com\/en\/\"},{\"@type\":\"ListItem\",\"position\":2,\"name\":\"Menu\"}]},{\"@type\":\"WebSite\",\"@id\":\"https:\/\/restaurantauxpres.com\/#website\",\"url\":\"https:\/\/restaurantauxpres.com\/\",\"name\":\"Aux Pr\u00e9s\",\"description\":\"Un site utilisant Les sites de Cyril Lignac\",\"potentialAction\":[{\"@type\":\"SearchAction\",\"target\":{\"@type\":\"EntryPoint\",\"urlTemplate\":\"https:\/\/restaurantauxpres.com\/?s={search_term_string}\"},\"query-input\":{\"@type\":\"PropertyValueSpecification\",\"valueRequired\":true,\"valueName\":\"search_term_string\"}}],\"inLanguage\":\"en-US\"}]}<\/script>\n<!-- \/ Yoast SEO plugin. -->","yoast_head_json":{"title":"Menu - Aux Pr\u00e9s","robots":{"index":"index","follow":"follow","max-snippet":"max-snippet:-1","max-image-preview":"max-image-preview:large","max-video-preview":"max-video-preview:-1"},"canonical":"https:\/\/restaurantauxpres.com\/en\/menu\/","og_locale":"en_US","og_type":"article","og_title":"Menu - Aux Pr\u00e9s","og_url":"https:\/\/restaurantauxpres.com\/en\/menu\/","og_site_name":"Aux Pr\u00e9s","article_modified_time":"2026-05-05T15:16:50+00:00","twitter_card":"summary_large_image","schema":{"@context":"https:\/\/schema.org","@graph":[{"@type":"WebPage","@id":"https:\/\/restaurantauxpres.com\/en\/menu\/","url":"https:\/\/restaurantauxpres.com\/en\/menu\/","name":"Menu - Aux Pr\u00e9s","isPartOf":{"@id":"https:\/\/restaurantauxpres.com\/#website"},"datePublished":"2025-06-30T12:46:53+00:00","dateModified":"2026-05-05T15:16:50+00:00","breadcrumb":{"@id":"https:\/\/restaurantauxpres.com\/en\/menu\/#breadcrumb"},"inLanguage":"en-US","potentialAction":[{"@type":"ReadAction","target":["https:\/\/restaurantauxpres.com\/en\/menu\/"]}]},{"@type":"BreadcrumbList","@id":"https:\/\/restaurantauxpres.com\/en\/menu\/#breadcrumb","itemListElement":[{"@type":"ListItem","position":1,"name":"Accueil","item":"https:\/\/restaurantauxpres.com\/en\/"},{"@type":"ListItem","position":2,"name":"Menu"}]},{"@type":"WebSite","@id":"https:\/\/restaurantauxpres.com\/#website","url":"https:\/\/restaurantauxpres.com\/","name":"Aux Pr\u00e9s","description":"Un site utilisant Les sites de Cyril Lignac","potentialAction":[{"@type":"SearchAction","target":{"@type":"EntryPoint","urlTemplate":"https:\/\/restaurantauxpres.com\/?s={search_term_string}"},"query-input":{"@type":"PropertyValueSpecification","valueRequired":true,"valueName":"search_term_string"}}],"inLanguage":"en-US"}]}},"_links":{"self":[{"href":"https:\/\/restaurantauxpres.com\/en\/wp-json\/wp\/v2\/pages\/968","targetHints":{"allow":["GET"]}}],"collection":[{"href":"https:\/\/restaurantauxpres.com\/en\/wp-json\/wp\/v2\/pages"}],"about":[{"href":"https:\/\/restaurantauxpres.com\/en\/wp-json\/wp\/v2\/types\/page"}],"author":[{"embeddable":true,"href":"https:\/\/restaurantauxpres.com\/en\/wp-json\/wp\/v2\/users\/1"}],"replies":[{"embeddable":true,"href":"https:\/\/restaurantauxpres.com\/en\/wp-json\/wp\/v2\/comments?post=968"}],"version-history":[{"count":77,"href":"https:\/\/restaurantauxpres.com\/en\/wp-json\/wp\/v2\/pages\/968\/revisions"}],"predecessor-version":[{"id":1282,"href":"https:\/\/restaurantauxpres.com\/en\/wp-json\/wp\/v2\/pages\/968\/revisions\/1282"}],"wp:attachment":[{"href":"https:\/\/restaurantauxpres.com\/en\/wp-json\/wp\/v2\/media?parent=968"}],"curies":[{"name":"wp","href":"https:\/\/api.w.org\/{rel}","templated":true}]}}